{"id":3062,"date":"2023-06-28T10:29:25","date_gmt":"2023-06-28T08:29:25","guid":{"rendered":"https:\/\/concordia-beuren.de\/?page_id=3062"},"modified":"2023-06-28T10:37:05","modified_gmt":"2023-06-28T08:37:05","slug":"onlineshops","status":"publish","type":"page","link":"https:\/\/concordia-beuren.de\/index.php\/onlineshops\/","title":{"rendered":"Onlineshops"},"content":{"rendered":"\n<p class=\"has-text-align-center\"><strong>In Zusammenarbeit mit der Online Plattform Fan12 haben wir ab sofort unseren eigenen Onlineshop.<\/strong><\/p>\n\n\n\n<p class=\"has-text-align-center\"><strong>Hier k\u00f6nnt Ihr euch von Sportbekleidung f\u00fcr Gro\u00df und Klein bis hin zu verschiedensten Accessoires in mehreren Kategorien, individuell anfertigen lassen und bestellen!<\/strong><\/p>\n\n\n\n<div style=\"height:60px\" aria-hidden=\"true\" class=\"wp-block-spacer\"><\/div>\n\n\n\n<figure class=\"wp-block-gallery has-nested-images columns-default is-cropped wp-block-gallery-1 is-layout-flex wp-block-gallery-is-layout-flex\">\n<figure class=\"wp-block-image size-large\"><img loading=\"lazy\" decoding=\"async\" width=\"600\" height=\"600\" data-id=\"3029\" src=\"https:\/\/concordia-beuren.de\/wp-content\/uploads\/2023\/06\/teaser-marketing_v1-1.jpg\" alt=\"\" class=\"wp-image-3029\" srcset=\"https:\/\/concordia-beuren.de\/wp-content\/uploads\/2023\/06\/teaser-marketing_v1-1.jpg 600w, https:\/\/concordia-beuren.de\/wp-content\/uploads\/2023\/06\/teaser-marketing_v1-1-300x300.jpg 300w, https:\/\/concordia-beuren.de\/wp-content\/uploads\/2023\/06\/teaser-marketing_v1-1-150x150.jpg 150w\" sizes=\"auto, (max-width: 600px) 100vw, 600px\" \/><\/figure>\n\n\n\n<figure class=\"wp-block-image size-large\"><img loading=\"lazy\" decoding=\"async\" width=\"600\" height=\"600\" data-id=\"3027\" src=\"https:\/\/concordia-beuren.de\/wp-content\/uploads\/2023\/06\/teaser-marketing-v3-1.jpg\" alt=\"\" class=\"wp-image-3027\" srcset=\"https:\/\/concordia-beuren.de\/wp-content\/uploads\/2023\/06\/teaser-marketing-v3-1.jpg 600w, https:\/\/concordia-beuren.de\/wp-content\/uploads\/2023\/06\/teaser-marketing-v3-1-300x300.jpg 300w, https:\/\/concordia-beuren.de\/wp-content\/uploads\/2023\/06\/teaser-marketing-v3-1-150x150.jpg 150w\" sizes=\"auto, (max-width: 600px) 100vw, 600px\" \/><\/figure>\n\n\n\n<figure class=\"wp-block-image size-large\"><img loading=\"lazy\" decoding=\"async\" width=\"600\" height=\"600\" data-id=\"3028\" src=\"https:\/\/concordia-beuren.de\/wp-content\/uploads\/2023\/06\/teaser-marketing-v4.jpg\" alt=\"\" class=\"wp-image-3028\" srcset=\"https:\/\/concordia-beuren.de\/wp-content\/uploads\/2023\/06\/teaser-marketing-v4.jpg 600w, https:\/\/concordia-beuren.de\/wp-content\/uploads\/2023\/06\/teaser-marketing-v4-300x300.jpg 300w, https:\/\/concordia-beuren.de\/wp-content\/uploads\/2023\/06\/teaser-marketing-v4-150x150.jpg 150w\" sizes=\"auto, (max-width: 600px) 100vw, 600px\" \/><\/figure>\n<\/figure>\n\n\n\n<div style=\"height:60px\" aria-hidden=\"true\" class=\"wp-block-spacer\"><\/div>\n\n\n\n<div class=\"wp-block-buttons is-content-justification-center is-layout-flex wp-container-core-buttons-is-layout-16018d1d wp-block-buttons-is-layout-flex\">\n<div class=\"wp-block-button\"><a class=\"wp-block-button__link wp-element-button\" href=\"https:\/\/concordia-beuren.fan12.de\/\">Hier geht\u00b4s zum Onlineshop!<\/a><\/div>\n<\/div>\n\n\n\n<div style=\"height:60px\" aria-hidden=\"true\" class=\"wp-block-spacer\"><\/div>\n\n\n\n<p class=\"has-text-align-center\"><strong>Des Weiteren steht euch weiterhin auf der Seite von TeamSport@NDH unsere aktuelle Kollektion der 1. Mannschaft unserer Spielgemeinschaft zur Verf\u00fcgung. Hier k\u00f6nnt Ihr euer Trainingsoutfit individuell und personalisiert gestalten.<\/strong><\/p>\n\n\n\n<div style=\"height:30px\" aria-hidden=\"true\" class=\"wp-block-spacer\"><\/div>\n\n\n<div class=\"wp-block-image\">\n<figure class=\"aligncenter size-full\"><img loading=\"lazy\" decoding=\"async\" width=\"800\" height=\"510\" src=\"https:\/\/concordia-beuren.de\/wp-content\/uploads\/2023\/06\/Trainingsjacke-1.jpg\" alt=\"\" class=\"wp-image-3057\" srcset=\"https:\/\/concordia-beuren.de\/wp-content\/uploads\/2023\/06\/Trainingsjacke-1.jpg 800w, https:\/\/concordia-beuren.de\/wp-content\/uploads\/2023\/06\/Trainingsjacke-1-300x191.jpg 300w, https:\/\/concordia-beuren.de\/wp-content\/uploads\/2023\/06\/Trainingsjacke-1-150x96.jpg 150w\" sizes=\"auto, (max-width: 800px) 100vw, 800px\" \/><\/figure>\n<\/div>\n\n\n<div style=\"height:50px\" aria-hidden=\"true\" class=\"wp-block-spacer\"><\/div>\n\n\n\n<div class=\"wp-block-buttons is-content-justification-center is-layout-flex wp-container-core-buttons-is-layout-16018d1d wp-block-buttons-is-layout-flex\">\n<div class=\"wp-block-button\"><a class=\"wp-block-button__link wp-element-button\" href=\"https:\/\/team.jako.de\/de\/team\/sv_elfrieda_1920\/?item_source=1783\" target=\"_blank\" rel=\"noreferrer noopener\">Hier geht\u00b4s zu TeamSport@NDH<\/a><\/div>\n<\/div>\n\n\n\n<div style=\"height:60px\" aria-hidden=\"true\" class=\"wp-block-spacer\"><\/div>\n\n\n\n<p class=\"has-text-align-center has-large-font-size\"><strong>Viel Spa\u00df beim shoppen!<\/strong><\/p>\n","protected":false},"excerpt":{"rendered":"<p>In Zusammenarbeit mit der Online Plattform Fan12 haben wir ab sofort unseren eigenen Onlineshop. Hier k\u00f6nnt Ihr euch von Sportbekleidung f\u00fcr Gro\u00df und Klein bis hin zu verschiedensten Accessoires in mehreren Kategorien, individuell anfertigen lassen und bestellen! Des Weiteren steht euch weiterhin auf der Seite von TeamSport@NDH unsere aktuelle Kollektion der 1. Mannschaft unserer Spielgemeinschaft&#8230;<\/p>\n","protected":false},"author":1,"featured_media":0,"parent":0,"menu_order":0,"comment_status":"closed","ping_status":"closed","template":"","meta":{"footnotes":""},"class_list":["post-3062","page","type-page","status-publish","hentry"],"yoast_head":"<!-- This site is optimized with the Yoast SEO plugin v27.4 - https:\/\/yoast.com\/product\/yoast-seo-wordpress\/ -->\n<title>Onlineshops - Herzlich Willkommen<\/title>\n<meta name=\"robots\" content=\"index, follow, max-snippet:-1, max-image-preview:large, max-video-preview:-1\" \/>\n<link rel=\"canonical\" href=\"https:\/\/concordia-beuren.de\/index.php\/onlineshops\/\" \/>\n<meta property=\"og:locale\" content=\"de_DE\" \/>\n<meta property=\"og:type\" content=\"article\" \/>\n<meta property=\"og:title\" content=\"Onlineshops - Herzlich Willkommen\" \/>\n<meta property=\"og:description\" content=\"In Zusammenarbeit mit der Online Plattform Fan12 haben wir ab sofort unseren eigenen Onlineshop. Hier k\u00f6nnt Ihr euch von Sportbekleidung f\u00fcr Gro\u00df und Klein bis hin zu verschiedensten Accessoires in mehreren Kategorien, individuell anfertigen lassen und bestellen! Des Weiteren steht euch weiterhin auf der Seite von TeamSport@NDH unsere aktuelle Kollektion der 1. Mannschaft unserer Spielgemeinschaft...\" \/>\n<meta property=\"og:url\" content=\"https:\/\/concordia-beuren.de\/index.php\/onlineshops\/\" \/>\n<meta property=\"og:site_name\" content=\"Herzlich Willkommen\" \/>\n<meta property=\"article:publisher\" content=\"https:\/\/www.facebook.com\/concordia.beuren\/?ref=bookmarks\" \/>\n<meta property=\"article:modified_time\" content=\"2023-06-28T08:37:05+00:00\" \/>\n<meta property=\"og:image\" content=\"https:\/\/concordia-beuren.de\/wp-content\/uploads\/2023\/06\/teaser-marketing_v1-1.jpg\" \/>\n<meta name=\"twitter:card\" content=\"summary_large_image\" \/>\n<meta name=\"twitter:label1\" content=\"Gesch\u00e4tzte Lesezeit\" \/>\n\t<meta name=\"twitter:data1\" content=\"2\u00a0Minuten\" \/>\n<script type=\"application\/ld+json\" class=\"yoast-schema-graph\">{\"@context\":\"https:\\\/\\\/schema.org\",\"@graph\":[{\"@type\":\"WebPage\",\"@id\":\"https:\\\/\\\/concordia-beuren.de\\\/index.php\\\/onlineshops\\\/\",\"url\":\"https:\\\/\\\/concordia-beuren.de\\\/index.php\\\/onlineshops\\\/\",\"name\":\"Onlineshops - Herzlich Willkommen\",\"isPartOf\":{\"@id\":\"https:\\\/\\\/concordia-beuren.de\\\/#website\"},\"primaryImageOfPage\":{\"@id\":\"https:\\\/\\\/concordia-beuren.de\\\/index.php\\\/onlineshops\\\/#primaryimage\"},\"image\":{\"@id\":\"https:\\\/\\\/concordia-beuren.de\\\/index.php\\\/onlineshops\\\/#primaryimage\"},\"thumbnailUrl\":\"https:\\\/\\\/concordia-beuren.de\\\/wp-content\\\/uploads\\\/2023\\\/06\\\/teaser-marketing_v1-1.jpg\",\"datePublished\":\"2023-06-28T08:29:25+00:00\",\"dateModified\":\"2023-06-28T08:37:05+00:00\",\"breadcrumb\":{\"@id\":\"https:\\\/\\\/concordia-beuren.de\\\/index.php\\\/onlineshops\\\/#breadcrumb\"},\"inLanguage\":\"de\",\"potentialAction\":[{\"@type\":\"ReadAction\",\"target\":[\"https:\\\/\\\/concordia-beuren.de\\\/index.php\\\/onlineshops\\\/\"]}]},{\"@type\":\"ImageObject\",\"inLanguage\":\"de\",\"@id\":\"https:\\\/\\\/concordia-beuren.de\\\/index.php\\\/onlineshops\\\/#primaryimage\",\"url\":\"https:\\\/\\\/concordia-beuren.de\\\/wp-content\\\/uploads\\\/2023\\\/06\\\/teaser-marketing_v1-1.jpg\",\"contentUrl\":\"https:\\\/\\\/concordia-beuren.de\\\/wp-content\\\/uploads\\\/2023\\\/06\\\/teaser-marketing_v1-1.jpg\",\"width\":600,\"height\":600},{\"@type\":\"BreadcrumbList\",\"@id\":\"https:\\\/\\\/concordia-beuren.de\\\/index.php\\\/onlineshops\\\/#breadcrumb\",\"itemListElement\":[{\"@type\":\"ListItem\",\"position\":1,\"name\":\"Startseite\",\"item\":\"https:\\\/\\\/concordia-beuren.de\\\/\"},{\"@type\":\"ListItem\",\"position\":2,\"name\":\"Onlineshops\"}]},{\"@type\":\"WebSite\",\"@id\":\"https:\\\/\\\/concordia-beuren.de\\\/#website\",\"url\":\"https:\\\/\\\/concordia-beuren.de\\\/\",\"name\":\"Herzlich Willkommen\",\"description\":\"\",\"publisher\":{\"@id\":\"https:\\\/\\\/concordia-beuren.de\\\/#organization\"},\"potentialAction\":[{\"@type\":\"SearchAction\",\"target\":{\"@type\":\"EntryPoint\",\"urlTemplate\":\"https:\\\/\\\/concordia-beuren.de\\\/?s={search_term_string}\"},\"query-input\":{\"@type\":\"PropertyValueSpecification\",\"valueRequired\":true,\"valueName\":\"search_term_string\"}}],\"inLanguage\":\"de\"},{\"@type\":\"Organization\",\"@id\":\"https:\\\/\\\/concordia-beuren.de\\\/#organization\",\"name\":\"SV Concordia Beuren\",\"url\":\"https:\\\/\\\/concordia-beuren.de\\\/\",\"logo\":{\"@type\":\"ImageObject\",\"inLanguage\":\"de\",\"@id\":\"https:\\\/\\\/concordia-beuren.de\\\/#\\\/schema\\\/logo\\\/image\\\/\",\"url\":\"https:\\\/\\\/concordia-beuren.de\\\/wp-content\\\/uploads\\\/2016\\\/05\\\/SV-Concordia-Beuren-Transparent-Neu.png\",\"contentUrl\":\"https:\\\/\\\/concordia-beuren.de\\\/wp-content\\\/uploads\\\/2016\\\/05\\\/SV-Concordia-Beuren-Transparent-Neu.png\",\"width\":585,\"height\":585,\"caption\":\"SV Concordia Beuren\"},\"image\":{\"@id\":\"https:\\\/\\\/concordia-beuren.de\\\/#\\\/schema\\\/logo\\\/image\\\/\"},\"sameAs\":[\"https:\\\/\\\/www.facebook.com\\\/concordia.beuren\\\/?ref=bookmarks\"]}]}<\/script>\n<!-- \/ Yoast SEO plugin. -->","yoast_head_json":{"title":"Onlineshops - Herzlich Willkommen","robots":{"index":"index","follow":"follow","max-snippet":"max-snippet:-1","max-image-preview":"max-image-preview:large","max-video-preview":"max-video-preview:-1"},"canonical":"https:\/\/concordia-beuren.de\/index.php\/onlineshops\/","og_locale":"de_DE","og_type":"article","og_title":"Onlineshops - Herzlich Willkommen","og_description":"In Zusammenarbeit mit der Online Plattform Fan12 haben wir ab sofort unseren eigenen Onlineshop. Hier k\u00f6nnt Ihr euch von Sportbekleidung f\u00fcr Gro\u00df und Klein bis hin zu verschiedensten Accessoires in mehreren Kategorien, individuell anfertigen lassen und bestellen! Des Weiteren steht euch weiterhin auf der Seite von TeamSport@NDH unsere aktuelle Kollektion der 1. Mannschaft unserer Spielgemeinschaft...","og_url":"https:\/\/concordia-beuren.de\/index.php\/onlineshops\/","og_site_name":"Herzlich Willkommen","article_publisher":"https:\/\/www.facebook.com\/concordia.beuren\/?ref=bookmarks","article_modified_time":"2023-06-28T08:37:05+00:00","og_image":[{"url":"https:\/\/concordia-beuren.de\/wp-content\/uploads\/2023\/06\/teaser-marketing_v1-1.jpg","type":"","width":"","height":""}],"twitter_card":"summary_large_image","twitter_misc":{"Gesch\u00e4tzte Lesezeit":"2\u00a0Minuten"},"schema":{"@context":"https:\/\/schema.org","@graph":[{"@type":"WebPage","@id":"https:\/\/concordia-beuren.de\/index.php\/onlineshops\/","url":"https:\/\/concordia-beuren.de\/index.php\/onlineshops\/","name":"Onlineshops - Herzlich Willkommen","isPartOf":{"@id":"https:\/\/concordia-beuren.de\/#website"},"primaryImageOfPage":{"@id":"https:\/\/concordia-beuren.de\/index.php\/onlineshops\/#primaryimage"},"image":{"@id":"https:\/\/concordia-beuren.de\/index.php\/onlineshops\/#primaryimage"},"thumbnailUrl":"https:\/\/concordia-beuren.de\/wp-content\/uploads\/2023\/06\/teaser-marketing_v1-1.jpg","datePublished":"2023-06-28T08:29:25+00:00","dateModified":"2023-06-28T08:37:05+00:00","breadcrumb":{"@id":"https:\/\/concordia-beuren.de\/index.php\/onlineshops\/#breadcrumb"},"inLanguage":"de","potentialAction":[{"@type":"ReadAction","target":["https:\/\/concordia-beuren.de\/index.php\/onlineshops\/"]}]},{"@type":"ImageObject","inLanguage":"de","@id":"https:\/\/concordia-beuren.de\/index.php\/onlineshops\/#primaryimage","url":"https:\/\/concordia-beuren.de\/wp-content\/uploads\/2023\/06\/teaser-marketing_v1-1.jpg","contentUrl":"https:\/\/concordia-beuren.de\/wp-content\/uploads\/2023\/06\/teaser-marketing_v1-1.jpg","width":600,"height":600},{"@type":"BreadcrumbList","@id":"https:\/\/concordia-beuren.de\/index.php\/onlineshops\/#breadcrumb","itemListElement":[{"@type":"ListItem","position":1,"name":"Startseite","item":"https:\/\/concordia-beuren.de\/"},{"@type":"ListItem","position":2,"name":"Onlineshops"}]},{"@type":"WebSite","@id":"https:\/\/concordia-beuren.de\/#website","url":"https:\/\/concordia-beuren.de\/","name":"Herzlich Willkommen","description":"","publisher":{"@id":"https:\/\/concordia-beuren.de\/#organization"},"potentialAction":[{"@type":"SearchAction","target":{"@type":"EntryPoint","urlTemplate":"https:\/\/concordia-beuren.de\/?s={search_term_string}"},"query-input":{"@type":"PropertyValueSpecification","valueRequired":true,"valueName":"search_term_string"}}],"inLanguage":"de"},{"@type":"Organization","@id":"https:\/\/concordia-beuren.de\/#organization","name":"SV Concordia Beuren","url":"https:\/\/concordia-beuren.de\/","logo":{"@type":"ImageObject","inLanguage":"de","@id":"https:\/\/concordia-beuren.de\/#\/schema\/logo\/image\/","url":"https:\/\/concordia-beuren.de\/wp-content\/uploads\/2016\/05\/SV-Concordia-Beuren-Transparent-Neu.png","contentUrl":"https:\/\/concordia-beuren.de\/wp-content\/uploads\/2016\/05\/SV-Concordia-Beuren-Transparent-Neu.png","width":585,"height":585,"caption":"SV Concordia Beuren"},"image":{"@id":"https:\/\/concordia-beuren.de\/#\/schema\/logo\/image\/"},"sameAs":["https:\/\/www.facebook.com\/concordia.beuren\/?ref=bookmarks"]}]}},"_links":{"self":[{"href":"https:\/\/concordia-beuren.de\/index.php\/wp-json\/wp\/v2\/pages\/3062","targetHints":{"allow":["GET"]}}],"collection":[{"href":"https:\/\/concordia-beuren.de\/index.php\/wp-json\/wp\/v2\/pages"}],"about":[{"href":"https:\/\/concordia-beuren.de\/index.php\/wp-json\/wp\/v2\/types\/page"}],"author":[{"embeddable":true,"href":"https:\/\/concordia-beuren.de\/index.php\/wp-json\/wp\/v2\/users\/1"}],"replies":[{"embeddable":true,"href":"https:\/\/concordia-beuren.de\/index.php\/wp-json\/wp\/v2\/comments?post=3062"}],"version-history":[{"count":2,"href":"https:\/\/concordia-beuren.de\/index.php\/wp-json\/wp\/v2\/pages\/3062\/revisions"}],"predecessor-version":[{"id":3064,"href":"https:\/\/concordia-beuren.de\/index.php\/wp-json\/wp\/v2\/pages\/3062\/revisions\/3064"}],"wp:attachment":[{"href":"https:\/\/concordia-beuren.de\/index.php\/wp-json\/wp\/v2\/media?parent=3062"}],"curies":[{"name":"wp","href":"https:\/\/api.w.org\/{rel}","templated":true}]}}