{"id":2624,"date":"2023-01-02T22:42:21","date_gmt":"2023-01-02T21:42:21","guid":{"rendered":"https:\/\/concordia-beuren.de\/?page_id=2624"},"modified":"2026-01-20T19:31:01","modified_gmt":"2026-01-20T18:31:01","slug":"ehrungen","status":"publish","type":"page","link":"https:\/\/concordia-beuren.de\/index.php\/scharfensteinlauf\/ehrungen\/","title":{"rendered":"Ehrungen"},"content":{"rendered":"\n<div class=\"wp-block-columns is-layout-flex wp-container-core-columns-is-layout-9d6595d7 wp-block-columns-is-layout-flex\">\n<div class=\"wp-block-column is-layout-flow wp-block-column-is-layout-flow\" style=\"flex-basis:66.66%\">\n<figure class=\"wp-block-image size-full\"><img loading=\"lazy\" decoding=\"async\" width=\"2560\" height=\"1293\" src=\"https:\/\/concordia-beuren.de\/wp-content\/uploads\/2025\/03\/scharfensteinlauf_swl-4-scaled.jpg\" alt=\"\" class=\"wp-image-3429\" srcset=\"https:\/\/concordia-beuren.de\/wp-content\/uploads\/2025\/03\/scharfensteinlauf_swl-4-scaled.jpg 2560w, https:\/\/concordia-beuren.de\/wp-content\/uploads\/2025\/03\/scharfensteinlauf_swl-4-300x152.jpg 300w, https:\/\/concordia-beuren.de\/wp-content\/uploads\/2025\/03\/scharfensteinlauf_swl-4-1536x776.jpg 1536w, https:\/\/concordia-beuren.de\/wp-content\/uploads\/2025\/03\/scharfensteinlauf_swl-4-2048x1035.jpg 2048w, https:\/\/concordia-beuren.de\/wp-content\/uploads\/2025\/03\/scharfensteinlauf_swl-4-150x76.jpg 150w\" sizes=\"auto, (max-width: 2560px) 100vw, 2560px\" \/><\/figure>\n<\/div>\n<\/div>\n\n\n\n<h2 class=\"wp-block-heading\"><\/h2>\n\n\n\n<div style=\"height:40px\" aria-hidden=\"true\" class=\"wp-block-spacer\"><\/div>\n\n\n<div class=\"wp-block-image\">\n<figure class=\"aligncenter size-full\"><img loading=\"lazy\" decoding=\"async\" width=\"800\" height=\"533\" src=\"https:\/\/concordia-beuren.de\/wp-content\/uploads\/2024\/05\/24_161.jpg\" alt=\"\" class=\"wp-image-3244\" srcset=\"https:\/\/concordia-beuren.de\/wp-content\/uploads\/2024\/05\/24_161.jpg 800w, https:\/\/concordia-beuren.de\/wp-content\/uploads\/2024\/05\/24_161-300x200.jpg 300w, https:\/\/concordia-beuren.de\/wp-content\/uploads\/2024\/05\/24_161-150x100.jpg 150w\" sizes=\"auto, (max-width: 800px) 100vw, 800px\" \/><\/figure>\n<\/div>\n\n\n<div style=\"height:40px\" aria-hidden=\"true\" class=\"wp-block-spacer\"><\/div>\n\n\n\n<h2 class=\"wp-block-heading\">Ergebnislisten\/Urkunden<\/h2>\n\n\n\n<div style=\"height:40px\" aria-hidden=\"true\" class=\"wp-block-spacer\"><\/div>\n\n\n\n<p>Jeder Teilnehmer kann sich seine Urkunde und die Ergebnisse unter <span style=\"text-decoration: underline;\"><strong><span style=\"color: #0000ff;\"><a style=\"color: #0000ff; text-decoration: underline;\" href=\"https:\/\/concordia-beuren.de\/index.php\/scharfensteinlauf\/archiv\/\">www.concordia-beuren.de<\/a><\/span><\/strong><\/span> ausdrucken bzw. anzeigen lassen. F\u00fcr Teilnehmer ohne Internetzugang k\u00f6nnen in Einzelf\u00e4llen vor Ort auf Wunsch Urkunden ausgedruckt werden.<\/p>\n\n\n\n<div style=\"height:40px\" aria-hidden=\"true\" class=\"wp-block-spacer\"><\/div>\n\n\n\n<h2 class=\"wp-block-heading\">Siegerehrungen<\/h2>\n\n\n\n<div style=\"height:40px\" aria-hidden=\"true\" class=\"wp-block-spacer\"><\/div>\n\n\n\n<p><strong>Kinder- und Jugendl\u00e4ufe (Strecken 1 und 2,3 km)<\/strong><\/p>\n<p>Die Pl\u00e4tze 1-3 (m\/w) der Altersklassen U 8 \/ U 10 \/ U 12 \/ U 14 \/ U 16 erhalten Pokale.<\/p>\n<p><strong>Hauptl\u00e4ufe (Strecken 9 und 18 km)<\/strong><\/p>\n<p>Die Gesamtsieger Pl\u00e4tze 1-3 (m\/w) erhalten Pokale. Eine gesonderte Siegerehrung f\u00fcr die Altersklassen findet nicht statt.<\/p>\n\n\n\n<div style=\"height:28px\" aria-hidden=\"true\" class=\"wp-block-spacer\"><\/div>\n\n\n\n<h2>Finisher Medaille<\/h2>\n<p>\u00a0<\/p>\n<p>Alle Teilnehmenden erhalten bei erfolgreicher Beendigung des Laufes eine Finisher Medaille.<\/p>\n\n\n\n\n\n<p><\/p>\n\n\n\n<p><\/p>\n\n\n\n<p><\/p>\n\n\n\n<h2 class=\"wp-block-heading\">Streckenrekorde<\/h2>\n\n\n\n<div style=\"height:40px\" aria-hidden=\"true\" class=\"wp-block-spacer\"><\/div>\n\n\n\n<p style=\"text-align: left;\">F\u00fcr die Verbesserung der <strong><span style=\"text-decoration: underline;\"><span style=\"color: #0000ff; text-decoration: underline;\"><a style=\"color: #0000ff; text-decoration: underline;\" href=\"https:\/\/concordia-beuren.de\/index.php\/scharfensteinlauf\/archiv\/\">Streckenrekorde<\/a><\/span><\/span> <\/strong>\u00fcber 9 km und 18 km (m\/w) gibt es Pr\u00e4mien von jeweils 100 EUR.<\/p>\n\n\n\n<div style=\"height:40px\" aria-hidden=\"true\" class=\"wp-block-spacer\"><\/div>\n\n\n","protected":false},"excerpt":{"rendered":"<p>Ergebnislisten\/Urkunden Jeder Teilnehmer kann sich seine Urkunde und die Ergebnisse unter www.concordia-beuren.de ausdrucken bzw. anzeigen lassen. F\u00fcr Teilnehmer ohne Internetzugang k\u00f6nnen in Einzelf\u00e4llen vor Ort auf Wunsch Urkunden ausgedruckt werden. Siegerehrungen Kinder- und Jugendl\u00e4ufe (Strecken 1 und 2,3 km) Die Pl\u00e4tze 1-3 (m\/w) der Altersklassen U 8 \/ U 10 \/ U 12 \/ U&#8230;<\/p>\n","protected":false},"author":1,"featured_media":0,"parent":43,"menu_order":4,"comment_status":"closed","ping_status":"closed","template":"","meta":{"footnotes":""},"class_list":["post-2624","page","type-page","status-publish","hentry"],"yoast_head":"<!-- This site is optimized with the Yoast SEO plugin v27.3 - https:\/\/yoast.com\/product\/yoast-seo-wordpress\/ -->\n<title>Ehrungen - Herzlich Willkommen<\/title>\n<meta name=\"robots\" content=\"index, follow, max-snippet:-1, max-image-preview:large, max-video-preview:-1\" \/>\n<link rel=\"canonical\" href=\"https:\/\/concordia-beuren.de\/index.php\/scharfensteinlauf\/ehrungen\/\" \/>\n<meta property=\"og:locale\" content=\"de_DE\" \/>\n<meta property=\"og:type\" content=\"article\" \/>\n<meta property=\"og:title\" content=\"Ehrungen - Herzlich Willkommen\" \/>\n<meta property=\"og:description\" content=\"Ergebnislisten\/Urkunden Jeder Teilnehmer kann sich seine Urkunde und die Ergebnisse unter www.concordia-beuren.de ausdrucken bzw. anzeigen lassen. F\u00fcr Teilnehmer ohne Internetzugang k\u00f6nnen in Einzelf\u00e4llen vor Ort auf Wunsch Urkunden ausgedruckt werden. Siegerehrungen Kinder- und Jugendl\u00e4ufe (Strecken 1 und 2,3 km) Die Pl\u00e4tze 1-3 (m\/w) der Altersklassen U 8 \/ U 10 \/ U 12 \/ U...\" \/>\n<meta property=\"og:url\" content=\"https:\/\/concordia-beuren.de\/index.php\/scharfensteinlauf\/ehrungen\/\" \/>\n<meta property=\"og:site_name\" content=\"Herzlich Willkommen\" \/>\n<meta property=\"article:publisher\" content=\"https:\/\/www.facebook.com\/concordia.beuren\/?ref=bookmarks\" \/>\n<meta property=\"article:modified_time\" content=\"2026-01-20T18:31:01+00:00\" \/>\n<meta property=\"og:image\" content=\"https:\/\/concordia-beuren.de\/wp-content\/uploads\/2025\/03\/scharfensteinlauf_swl-4-scaled.jpg\" \/>\n\t<meta property=\"og:image:width\" content=\"2560\" \/>\n\t<meta property=\"og:image:height\" content=\"1293\" \/>\n\t<meta property=\"og:image:type\" content=\"image\/jpeg\" \/>\n<meta name=\"twitter:card\" content=\"summary_large_image\" \/>\n<meta name=\"twitter:label1\" content=\"Gesch\u00e4tzte Lesezeit\" \/>\n\t<meta name=\"twitter:data1\" content=\"2\u00a0Minuten\" \/>\n<script type=\"application\/ld+json\" class=\"yoast-schema-graph\">{\"@context\":\"https:\\\/\\\/schema.org\",\"@graph\":[{\"@type\":\"WebPage\",\"@id\":\"https:\\\/\\\/concordia-beuren.de\\\/index.php\\\/scharfensteinlauf\\\/ehrungen\\\/\",\"url\":\"https:\\\/\\\/concordia-beuren.de\\\/index.php\\\/scharfensteinlauf\\\/ehrungen\\\/\",\"name\":\"Ehrungen - Herzlich Willkommen\",\"isPartOf\":{\"@id\":\"https:\\\/\\\/concordia-beuren.de\\\/#website\"},\"primaryImageOfPage\":{\"@id\":\"https:\\\/\\\/concordia-beuren.de\\\/index.php\\\/scharfensteinlauf\\\/ehrungen\\\/#primaryimage\"},\"image\":{\"@id\":\"https:\\\/\\\/concordia-beuren.de\\\/index.php\\\/scharfensteinlauf\\\/ehrungen\\\/#primaryimage\"},\"thumbnailUrl\":\"https:\\\/\\\/concordia-beuren.de\\\/wp-content\\\/uploads\\\/2025\\\/03\\\/scharfensteinlauf_swl-4-scaled.jpg\",\"datePublished\":\"2023-01-02T21:42:21+00:00\",\"dateModified\":\"2026-01-20T18:31:01+00:00\",\"breadcrumb\":{\"@id\":\"https:\\\/\\\/concordia-beuren.de\\\/index.php\\\/scharfensteinlauf\\\/ehrungen\\\/#breadcrumb\"},\"inLanguage\":\"de\",\"potentialAction\":[{\"@type\":\"ReadAction\",\"target\":[\"https:\\\/\\\/concordia-beuren.de\\\/index.php\\\/scharfensteinlauf\\\/ehrungen\\\/\"]}]},{\"@type\":\"ImageObject\",\"inLanguage\":\"de\",\"@id\":\"https:\\\/\\\/concordia-beuren.de\\\/index.php\\\/scharfensteinlauf\\\/ehrungen\\\/#primaryimage\",\"url\":\"https:\\\/\\\/concordia-beuren.de\\\/wp-content\\\/uploads\\\/2025\\\/03\\\/scharfensteinlauf_swl-4-scaled.jpg\",\"contentUrl\":\"https:\\\/\\\/concordia-beuren.de\\\/wp-content\\\/uploads\\\/2025\\\/03\\\/scharfensteinlauf_swl-4-scaled.jpg\",\"width\":2560,\"height\":1293},{\"@type\":\"BreadcrumbList\",\"@id\":\"https:\\\/\\\/concordia-beuren.de\\\/index.php\\\/scharfensteinlauf\\\/ehrungen\\\/#breadcrumb\",\"itemListElement\":[{\"@type\":\"ListItem\",\"position\":1,\"name\":\"Startseite\",\"item\":\"https:\\\/\\\/concordia-beuren.de\\\/\"},{\"@type\":\"ListItem\",\"position\":2,\"name\":\"Scharfensteinlauf\",\"item\":\"https:\\\/\\\/concordia-beuren.de\\\/index.php\\\/scharfensteinlauf\\\/\"},{\"@type\":\"ListItem\",\"position\":3,\"name\":\"Ehrungen\"}]},{\"@type\":\"WebSite\",\"@id\":\"https:\\\/\\\/concordia-beuren.de\\\/#website\",\"url\":\"https:\\\/\\\/concordia-beuren.de\\\/\",\"name\":\"Herzlich Willkommen\",\"description\":\"\",\"publisher\":{\"@id\":\"https:\\\/\\\/concordia-beuren.de\\\/#organization\"},\"potentialAction\":[{\"@type\":\"SearchAction\",\"target\":{\"@type\":\"EntryPoint\",\"urlTemplate\":\"https:\\\/\\\/concordia-beuren.de\\\/?s={search_term_string}\"},\"query-input\":{\"@type\":\"PropertyValueSpecification\",\"valueRequired\":true,\"valueName\":\"search_term_string\"}}],\"inLanguage\":\"de\"},{\"@type\":\"Organization\",\"@id\":\"https:\\\/\\\/concordia-beuren.de\\\/#organization\",\"name\":\"SV Concordia Beuren\",\"url\":\"https:\\\/\\\/concordia-beuren.de\\\/\",\"logo\":{\"@type\":\"ImageObject\",\"inLanguage\":\"de\",\"@id\":\"https:\\\/\\\/concordia-beuren.de\\\/#\\\/schema\\\/logo\\\/image\\\/\",\"url\":\"https:\\\/\\\/concordia-beuren.de\\\/wp-content\\\/uploads\\\/2016\\\/05\\\/SV-Concordia-Beuren-Transparent-Neu.png\",\"contentUrl\":\"https:\\\/\\\/concordia-beuren.de\\\/wp-content\\\/uploads\\\/2016\\\/05\\\/SV-Concordia-Beuren-Transparent-Neu.png\",\"width\":585,\"height\":585,\"caption\":\"SV Concordia Beuren\"},\"image\":{\"@id\":\"https:\\\/\\\/concordia-beuren.de\\\/#\\\/schema\\\/logo\\\/image\\\/\"},\"sameAs\":[\"https:\\\/\\\/www.facebook.com\\\/concordia.beuren\\\/?ref=bookmarks\"]}]}<\/script>\n<!-- \/ Yoast SEO plugin. -->","yoast_head_json":{"title":"Ehrungen - Herzlich Willkommen","robots":{"index":"index","follow":"follow","max-snippet":"max-snippet:-1","max-image-preview":"max-image-preview:large","max-video-preview":"max-video-preview:-1"},"canonical":"https:\/\/concordia-beuren.de\/index.php\/scharfensteinlauf\/ehrungen\/","og_locale":"de_DE","og_type":"article","og_title":"Ehrungen - Herzlich Willkommen","og_description":"Ergebnislisten\/Urkunden Jeder Teilnehmer kann sich seine Urkunde und die Ergebnisse unter www.concordia-beuren.de ausdrucken bzw. anzeigen lassen. F\u00fcr Teilnehmer ohne Internetzugang k\u00f6nnen in Einzelf\u00e4llen vor Ort auf Wunsch Urkunden ausgedruckt werden. Siegerehrungen Kinder- und Jugendl\u00e4ufe (Strecken 1 und 2,3 km) Die Pl\u00e4tze 1-3 (m\/w) der Altersklassen U 8 \/ U 10 \/ U 12 \/ U...","og_url":"https:\/\/concordia-beuren.de\/index.php\/scharfensteinlauf\/ehrungen\/","og_site_name":"Herzlich Willkommen","article_publisher":"https:\/\/www.facebook.com\/concordia.beuren\/?ref=bookmarks","article_modified_time":"2026-01-20T18:31:01+00:00","og_image":[{"width":2560,"height":1293,"url":"https:\/\/concordia-beuren.de\/wp-content\/uploads\/2025\/03\/scharfensteinlauf_swl-4-scaled.jpg","type":"image\/jpeg"}],"twitter_card":"summary_large_image","twitter_misc":{"Gesch\u00e4tzte Lesezeit":"2\u00a0Minuten"},"schema":{"@context":"https:\/\/schema.org","@graph":[{"@type":"WebPage","@id":"https:\/\/concordia-beuren.de\/index.php\/scharfensteinlauf\/ehrungen\/","url":"https:\/\/concordia-beuren.de\/index.php\/scharfensteinlauf\/ehrungen\/","name":"Ehrungen - Herzlich Willkommen","isPartOf":{"@id":"https:\/\/concordia-beuren.de\/#website"},"primaryImageOfPage":{"@id":"https:\/\/concordia-beuren.de\/index.php\/scharfensteinlauf\/ehrungen\/#primaryimage"},"image":{"@id":"https:\/\/concordia-beuren.de\/index.php\/scharfensteinlauf\/ehrungen\/#primaryimage"},"thumbnailUrl":"https:\/\/concordia-beuren.de\/wp-content\/uploads\/2025\/03\/scharfensteinlauf_swl-4-scaled.jpg","datePublished":"2023-01-02T21:42:21+00:00","dateModified":"2026-01-20T18:31:01+00:00","breadcrumb":{"@id":"https:\/\/concordia-beuren.de\/index.php\/scharfensteinlauf\/ehrungen\/#breadcrumb"},"inLanguage":"de","potentialAction":[{"@type":"ReadAction","target":["https:\/\/concordia-beuren.de\/index.php\/scharfensteinlauf\/ehrungen\/"]}]},{"@type":"ImageObject","inLanguage":"de","@id":"https:\/\/concordia-beuren.de\/index.php\/scharfensteinlauf\/ehrungen\/#primaryimage","url":"https:\/\/concordia-beuren.de\/wp-content\/uploads\/2025\/03\/scharfensteinlauf_swl-4-scaled.jpg","contentUrl":"https:\/\/concordia-beuren.de\/wp-content\/uploads\/2025\/03\/scharfensteinlauf_swl-4-scaled.jpg","width":2560,"height":1293},{"@type":"BreadcrumbList","@id":"https:\/\/concordia-beuren.de\/index.php\/scharfensteinlauf\/ehrungen\/#breadcrumb","itemListElement":[{"@type":"ListItem","position":1,"name":"Startseite","item":"https:\/\/concordia-beuren.de\/"},{"@type":"ListItem","position":2,"name":"Scharfensteinlauf","item":"https:\/\/concordia-beuren.de\/index.php\/scharfensteinlauf\/"},{"@type":"ListItem","position":3,"name":"Ehrungen"}]},{"@type":"WebSite","@id":"https:\/\/concordia-beuren.de\/#website","url":"https:\/\/concordia-beuren.de\/","name":"Herzlich Willkommen","description":"","publisher":{"@id":"https:\/\/concordia-beuren.de\/#organization"},"potentialAction":[{"@type":"SearchAction","target":{"@type":"EntryPoint","urlTemplate":"https:\/\/concordia-beuren.de\/?s={search_term_string}"},"query-input":{"@type":"PropertyValueSpecification","valueRequired":true,"valueName":"search_term_string"}}],"inLanguage":"de"},{"@type":"Organization","@id":"https:\/\/concordia-beuren.de\/#organization","name":"SV Concordia Beuren","url":"https:\/\/concordia-beuren.de\/","logo":{"@type":"ImageObject","inLanguage":"de","@id":"https:\/\/concordia-beuren.de\/#\/schema\/logo\/image\/","url":"https:\/\/concordia-beuren.de\/wp-content\/uploads\/2016\/05\/SV-Concordia-Beuren-Transparent-Neu.png","contentUrl":"https:\/\/concordia-beuren.de\/wp-content\/uploads\/2016\/05\/SV-Concordia-Beuren-Transparent-Neu.png","width":585,"height":585,"caption":"SV Concordia Beuren"},"image":{"@id":"https:\/\/concordia-beuren.de\/#\/schema\/logo\/image\/"},"sameAs":["https:\/\/www.facebook.com\/concordia.beuren\/?ref=bookmarks"]}]}},"_links":{"self":[{"href":"https:\/\/concordia-beuren.de\/index.php\/wp-json\/wp\/v2\/pages\/2624","targetHints":{"allow":["GET"]}}],"collection":[{"href":"https:\/\/concordia-beuren.de\/index.php\/wp-json\/wp\/v2\/pages"}],"about":[{"href":"https:\/\/concordia-beuren.de\/index.php\/wp-json\/wp\/v2\/types\/page"}],"author":[{"embeddable":true,"href":"https:\/\/concordia-beuren.de\/index.php\/wp-json\/wp\/v2\/users\/1"}],"replies":[{"embeddable":true,"href":"https:\/\/concordia-beuren.de\/index.php\/wp-json\/wp\/v2\/comments?post=2624"}],"version-history":[{"count":37,"href":"https:\/\/concordia-beuren.de\/index.php\/wp-json\/wp\/v2\/pages\/2624\/revisions"}],"predecessor-version":[{"id":3780,"href":"https:\/\/concordia-beuren.de\/index.php\/wp-json\/wp\/v2\/pages\/2624\/revisions\/3780"}],"up":[{"embeddable":true,"href":"https:\/\/concordia-beuren.de\/index.php\/wp-json\/wp\/v2\/pages\/43"}],"wp:attachment":[{"href":"https:\/\/concordia-beuren.de\/index.php\/wp-json\/wp\/v2\/media?parent=2624"}],"curies":[{"name":"wp","href":"https:\/\/api.w.org\/{rel}","templated":true}]}}