{"id":255,"date":"2016-05-19T20:23:23","date_gmt":"2016-05-19T18:23:23","guid":{"rendered":"http:\/\/localhost\/wordpress\/?page_id=255"},"modified":"2023-04-28T08:38:41","modified_gmt":"2023-04-28T06:38:41","slug":"sponsoren","status":"publish","type":"page","link":"https:\/\/concordia-beuren.de\/index.php\/info\/sponsoren\/","title":{"rendered":"Sponsoren"},"content":{"rendered":"<hr \/>\n<p><span style=\"font-family: 'Arial Black', 'Avant Garde'; font-size: 12pt;\">Ohne Sponsoren und Unterst\u00fctzern w\u00e4re eine gute Vereinsarbeit nicht m\u00f6glich. Daher m\u00f6chten wir uns an dieser Stelle bei allen Beteiligten f\u00fcr die tolle Zusammenarbeit und Unterst\u00fctzung recht herzlich bedanken!!!<\/span><\/p>\n<p><span style=\"font-family: 'Arial Black', 'Avant Garde'; font-size: 12pt;\">Sie m\u00f6chten uns auch unterst\u00fctzen, dann melden Sie sich bei unserem Vereinsvorsitzenden Matthias Peterseim unter der Adresse\u00a0<span style=\"text-decoration: underline;\">concordia-beuren@t-online.de<\/span>.<\/span><\/p>\n<p><span style=\"font-family: 'Arial Black', 'Avant Garde'; font-size: 12pt; color: #ff0000;\">Wir freuen uns auf Ihre Unterst\u00fctzung!<\/span><\/p>\n<hr \/>\n\n\t\t<style type=\"text\/css\">\n\t\t\t#gallery-1 {\n\t\t\t\tmargin: auto;\n\t\t\t}\n\t\t\t#gallery-1 .gallery-item {\n\t\t\t\tfloat: left;\n\t\t\t\tmargin-top: 10px;\n\t\t\t\ttext-align: center;\n\t\t\t\twidth: 50%;\n\t\t\t}\n\t\t\t#gallery-1 img {\n\t\t\t\tborder: 2px solid #cfcfcf;\n\t\t\t}\n\t\t\t#gallery-1 .gallery-caption {\n\t\t\t\tmargin-left: 0;\n\t\t\t}\n\t\t\t\/* see gallery_shortcode() in wp-includes\/media.php *\/\n\t\t<\/style>\n\t\t<div id='gallery-1' class='gallery galleryid-255 gallery-columns-2 gallery-size-medium'><dl class='gallery-item'>\n\t\t\t<dt class='gallery-icon landscape'>\n\t\t\t\t<a href='https:\/\/concordia-beuren.de\/index.php\/info\/sponsoren\/logo\/'><img loading=\"lazy\" decoding=\"async\" width=\"300\" height=\"121\" src=\"https:\/\/concordia-beuren.de\/wp-content\/uploads\/2023\/04\/logo-300x121.png\" class=\"attachment-medium size-medium\" alt=\"https:\/\/mms-schuetze.de\/\" aria-describedby=\"gallery-1-2974\" srcset=\"https:\/\/concordia-beuren.de\/wp-content\/uploads\/2023\/04\/logo-300x121.png 300w, https:\/\/concordia-beuren.de\/wp-content\/uploads\/2023\/04\/logo-150x60.png 150w, https:\/\/concordia-beuren.de\/wp-content\/uploads\/2023\/04\/logo.png 600w\" sizes=\"auto, (max-width: 300px) 100vw, 300px\" \/><\/a>\n\t\t\t<\/dt>\n\t\t\t\t<dd class='wp-caption-text gallery-caption' id='gallery-1-2974'>\n\t\t\t\tMaschinen &#038; Metallbau GmbH Sch\u00fctze\n\t\t\t\t<\/dd><\/dl><dl class='gallery-item'>\n\t\t\t<dt class='gallery-icon landscape'>\n\t\t\t\t<a href='https:\/\/concordia-beuren.de\/index.php\/info\/sponsoren\/drei-linden\/'><img loading=\"lazy\" decoding=\"async\" width=\"300\" height=\"76\" src=\"https:\/\/concordia-beuren.de\/wp-content\/uploads\/2016\/05\/Drei-Linden-300x76.jpg\" class=\"attachment-medium size-medium\" alt=\"\" aria-describedby=\"gallery-1-992\" srcset=\"https:\/\/concordia-beuren.de\/wp-content\/uploads\/2016\/05\/Drei-Linden-300x76.jpg 300w, https:\/\/concordia-beuren.de\/wp-content\/uploads\/2016\/05\/Drei-Linden-150x38.jpg 150w, https:\/\/concordia-beuren.de\/wp-content\/uploads\/2016\/05\/Drei-Linden.jpg 1358w\" sizes=\"auto, (max-width: 300px) 100vw, 300px\" \/><\/a>\n\t\t\t<\/dt>\n\t\t\t\t<dd class='wp-caption-text gallery-caption' id='gallery-1-992'>\n\t\t\t\tAutohaus Drei Linden \n\t\t\t\t<\/dd><\/dl><br style=\"clear: both\" \/><dl class='gallery-item'>\n\t\t\t<dt class='gallery-icon landscape'>\n\t\t\t\t<a href='https:\/\/concordia-beuren.de\/jens-bartl\/'><img loading=\"lazy\" decoding=\"async\" width=\"198\" height=\"183\" src=\"https:\/\/concordia-beuren.de\/wp-content\/uploads\/2016\/06\/Jens-Bartl.jpg\" class=\"attachment-medium size-medium\" alt=\"\" aria-describedby=\"gallery-1-453\" srcset=\"https:\/\/concordia-beuren.de\/wp-content\/uploads\/2016\/06\/Jens-Bartl.jpg 198w, https:\/\/concordia-beuren.de\/wp-content\/uploads\/2016\/06\/Jens-Bartl-150x139.jpg 150w\" sizes=\"auto, (max-width: 198px) 100vw, 198px\" \/><\/a>\n\t\t\t<\/dt>\n\t\t\t\t<dd class='wp-caption-text gallery-caption' id='gallery-1-453'>\n\t\t\t\tBau &#038; Betonsanierung Jens Bartl\n\t\t\t\t<\/dd><\/dl><dl class='gallery-item'>\n\t\t\t<dt class='gallery-icon landscape'>\n\t\t\t\t<a href='https:\/\/concordia-beuren.de\/index.php\/info\/sponsoren\/bmk-leinefelde\/'><img loading=\"lazy\" decoding=\"async\" width=\"300\" height=\"123\" src=\"https:\/\/concordia-beuren.de\/wp-content\/uploads\/2016\/05\/BMK-Leinefelde-300x123.png\" class=\"attachment-medium size-medium\" alt=\"\" aria-describedby=\"gallery-1-1277\" srcset=\"https:\/\/concordia-beuren.de\/wp-content\/uploads\/2016\/05\/BMK-Leinefelde-300x123.png 300w, https:\/\/concordia-beuren.de\/wp-content\/uploads\/2016\/05\/BMK-Leinefelde-150x61.png 150w, https:\/\/concordia-beuren.de\/wp-content\/uploads\/2016\/05\/BMK-Leinefelde.png 342w\" sizes=\"auto, (max-width: 300px) 100vw, 300px\" \/><\/a>\n\t\t\t<\/dt>\n\t\t\t\t<dd class='wp-caption-text gallery-caption' id='gallery-1-1277'>\n\t\t\t\tBMK Leinefelde\n\t\t\t\t<\/dd><\/dl><br style=\"clear: both\" \/><dl class='gallery-item'>\n\t\t\t<dt class='gallery-icon landscape'>\n\t\t\t\t<a href='https:\/\/concordia-beuren.de\/index.php\/info\/sponsoren\/saul\/'><img loading=\"lazy\" decoding=\"async\" width=\"300\" height=\"76\" src=\"https:\/\/concordia-beuren.de\/wp-content\/uploads\/2016\/05\/Saul-300x76.jpg\" class=\"attachment-medium size-medium\" alt=\"\" aria-describedby=\"gallery-1-988\" srcset=\"https:\/\/concordia-beuren.de\/wp-content\/uploads\/2016\/05\/Saul-300x76.jpg 300w, https:\/\/concordia-beuren.de\/wp-content\/uploads\/2016\/05\/Saul-150x38.jpg 150w, https:\/\/concordia-beuren.de\/wp-content\/uploads\/2016\/05\/Saul.jpg 800w\" sizes=\"auto, (max-width: 300px) 100vw, 300px\" \/><\/a>\n\t\t\t<\/dt>\n\t\t\t\t<dd class='wp-caption-text gallery-caption' id='gallery-1-988'>\n\t\t\t\tElektromaschinenbau Bertram Saul\n\t\t\t\t<\/dd><\/dl><dl class='gallery-item'>\n\t\t\t<dt class='gallery-icon landscape'>\n\t\t\t\t<a href='https:\/\/concordia-beuren.de\/index.php\/info\/sponsoren\/richter\/'><img loading=\"lazy\" decoding=\"async\" width=\"300\" height=\"78\" src=\"https:\/\/concordia-beuren.de\/wp-content\/uploads\/2016\/05\/Richter-300x78.jpg\" class=\"attachment-medium size-medium\" alt=\"\" aria-describedby=\"gallery-1-987\" srcset=\"https:\/\/concordia-beuren.de\/wp-content\/uploads\/2016\/05\/Richter-300x78.jpg 300w, https:\/\/concordia-beuren.de\/wp-content\/uploads\/2016\/05\/Richter-150x39.jpg 150w, https:\/\/concordia-beuren.de\/wp-content\/uploads\/2016\/05\/Richter.jpg 800w\" sizes=\"auto, (max-width: 300px) 100vw, 300px\" \/><\/a>\n\t\t\t<\/dt>\n\t\t\t\t<dd class='wp-caption-text gallery-caption' id='gallery-1-987'>\n\t\t\t\tElektrowerkstatt Richter\n\t\t\t\t<\/dd><\/dl><br style=\"clear: both\" \/><dl class='gallery-item'>\n\t\t\t<dt class='gallery-icon landscape'>\n\t\t\t\t<a href='https:\/\/concordia-beuren.de\/getraenke-fuetterer-min\/'><img loading=\"lazy\" decoding=\"async\" width=\"300\" height=\"100\" src=\"https:\/\/concordia-beuren.de\/wp-content\/uploads\/2016\/06\/Getraenke-Fuetterer-min-300x100.jpg\" class=\"attachment-medium size-medium\" alt=\"\" aria-describedby=\"gallery-1-448\" srcset=\"https:\/\/concordia-beuren.de\/wp-content\/uploads\/2016\/06\/Getraenke-Fuetterer-min-300x100.jpg 300w, https:\/\/concordia-beuren.de\/wp-content\/uploads\/2016\/06\/Getraenke-Fuetterer-min-150x50.jpg 150w, https:\/\/concordia-beuren.de\/wp-content\/uploads\/2016\/06\/Getraenke-Fuetterer-min.jpg 800w\" sizes=\"auto, (max-width: 300px) 100vw, 300px\" \/><\/a>\n\t\t\t<\/dt>\n\t\t\t\t<dd class='wp-caption-text gallery-caption' id='gallery-1-448'>\n\t\t\t\tGetr\u00e4nke F\u00fctterer\n\t\t\t\t<\/dd><\/dl><dl class='gallery-item'>\n\t\t\t<dt class='gallery-icon landscape'>\n\t\t\t\t<a href='https:\/\/concordia-beuren.de\/index.php\/info\/sponsoren\/heinemann\/'><img loading=\"lazy\" decoding=\"async\" width=\"300\" height=\"59\" src=\"https:\/\/concordia-beuren.de\/wp-content\/uploads\/2016\/05\/Heinemann-300x59.gif\" class=\"attachment-medium size-medium\" alt=\"\" aria-describedby=\"gallery-1-985\" srcset=\"https:\/\/concordia-beuren.de\/wp-content\/uploads\/2016\/05\/Heinemann-300x59.gif 300w, https:\/\/concordia-beuren.de\/wp-content\/uploads\/2016\/05\/Heinemann-150x29.gif 150w\" sizes=\"auto, (max-width: 300px) 100vw, 300px\" \/><\/a>\n\t\t\t<\/dt>\n\t\t\t\t<dd class='wp-caption-text gallery-caption' id='gallery-1-985'>\n\t\t\t\tK\u00e4rcher Heinemann\n\t\t\t\t<\/dd><\/dl><br style=\"clear: both\" \/><dl class='gallery-item'>\n\t\t\t<dt class='gallery-icon landscape'>\n\t\t\t\t<a href='https:\/\/concordia-beuren.de\/kresisparkasse-eichsfeld\/'><img loading=\"lazy\" decoding=\"async\" width=\"270\" height=\"120\" src=\"https:\/\/concordia-beuren.de\/wp-content\/uploads\/2016\/05\/Kresisparkasse-Eichsfeld.png\" class=\"attachment-medium size-medium\" alt=\"\" aria-describedby=\"gallery-1-1278\" srcset=\"https:\/\/concordia-beuren.de\/wp-content\/uploads\/2016\/05\/Kresisparkasse-Eichsfeld.png 270w, https:\/\/concordia-beuren.de\/wp-content\/uploads\/2016\/05\/Kresisparkasse-Eichsfeld-150x67.png 150w\" sizes=\"auto, (max-width: 270px) 100vw, 270px\" \/><\/a>\n\t\t\t<\/dt>\n\t\t\t\t<dd class='wp-caption-text gallery-caption' id='gallery-1-1278'>\n\t\t\t\tKreissparkasse Eichsfeld\n\t\t\t\t<\/dd><\/dl><dl class='gallery-item'>\n\t\t\t<dt class='gallery-icon landscape'>\n\t\t\t\t<a href='https:\/\/concordia-beuren.de\/index.php\/info\/sponsoren\/senft\/'><img loading=\"lazy\" decoding=\"async\" width=\"300\" height=\"69\" src=\"https:\/\/concordia-beuren.de\/wp-content\/uploads\/2016\/05\/Senft-300x69.jpg\" class=\"attachment-medium size-medium\" alt=\"\" aria-describedby=\"gallery-1-989\" srcset=\"https:\/\/concordia-beuren.de\/wp-content\/uploads\/2016\/05\/Senft-300x69.jpg 300w, https:\/\/concordia-beuren.de\/wp-content\/uploads\/2016\/05\/Senft-150x35.jpg 150w, https:\/\/concordia-beuren.de\/wp-content\/uploads\/2016\/05\/Senft.jpg 800w\" sizes=\"auto, (max-width: 300px) 100vw, 300px\" \/><\/a>\n\t\t\t<\/dt>\n\t\t\t\t<dd class='wp-caption-text gallery-caption' id='gallery-1-989'>\n\t\t\t\tModehaus Senft\n\t\t\t\t<\/dd><\/dl><br style=\"clear: both\" \/><dl class='gallery-item'>\n\t\t\t<dt class='gallery-icon landscape'>\n\t\t\t\t<a href='https:\/\/concordia-beuren.de\/index.php\/info\/sponsoren\/werbetechnik-becker-2\/'><img loading=\"lazy\" decoding=\"async\" width=\"300\" height=\"77\" src=\"https:\/\/concordia-beuren.de\/wp-content\/uploads\/2016\/05\/Werbetechnik-Becker-300x77.jpg\" class=\"attachment-medium size-medium\" alt=\"\" aria-describedby=\"gallery-1-990\" srcset=\"https:\/\/concordia-beuren.de\/wp-content\/uploads\/2016\/05\/Werbetechnik-Becker-300x77.jpg 300w, https:\/\/concordia-beuren.de\/wp-content\/uploads\/2016\/05\/Werbetechnik-Becker-150x38.jpg 150w, https:\/\/concordia-beuren.de\/wp-content\/uploads\/2016\/05\/Werbetechnik-Becker.jpg 800w\" sizes=\"auto, (max-width: 300px) 100vw, 300px\" \/><\/a>\n\t\t\t<\/dt>\n\t\t\t\t<dd class='wp-caption-text gallery-caption' id='gallery-1-990'>\n\t\t\t\tWerbetechnik Becker\n\t\t\t\t<\/dd><\/dl><dl class='gallery-item'>\n\t\t\t<dt class='gallery-icon landscape'>\n\t\t\t\t<a href='https:\/\/concordia-beuren.de\/index.php\/info\/sponsoren\/werner-metall\/'><img loading=\"lazy\" decoding=\"async\" width=\"300\" height=\"77\" src=\"https:\/\/concordia-beuren.de\/wp-content\/uploads\/2016\/05\/Werner-Metall-300x77.jpg\" class=\"attachment-medium size-medium\" alt=\"\" aria-describedby=\"gallery-1-991\" srcset=\"https:\/\/concordia-beuren.de\/wp-content\/uploads\/2016\/05\/Werner-Metall-300x77.jpg 300w, https:\/\/concordia-beuren.de\/wp-content\/uploads\/2016\/05\/Werner-Metall-150x39.jpg 150w, https:\/\/concordia-beuren.de\/wp-content\/uploads\/2016\/05\/Werner-Metall.jpg 800w\" sizes=\"auto, (max-width: 300px) 100vw, 300px\" \/><\/a>\n\t\t\t<\/dt>\n\t\t\t\t<dd class='wp-caption-text gallery-caption' id='gallery-1-991'>\n\t\t\t\tWerner Metall\n\t\t\t\t<\/dd><\/dl><br style=\"clear: both\" \/><dl class='gallery-item'>\n\t\t\t<dt class='gallery-icon landscape'>\n\t\t\t\t<a href='https:\/\/concordia-beuren.de\/index.php\/info\/sponsoren\/ziegler-systembau\/'><img loading=\"lazy\" decoding=\"async\" width=\"300\" height=\"79\" src=\"https:\/\/concordia-beuren.de\/wp-content\/uploads\/2016\/05\/Ziegler-Systembau-300x79.jpg\" class=\"attachment-medium size-medium\" alt=\"\" aria-describedby=\"gallery-1-1279\" srcset=\"https:\/\/concordia-beuren.de\/wp-content\/uploads\/2016\/05\/Ziegler-Systembau-300x79.jpg 300w, https:\/\/concordia-beuren.de\/wp-content\/uploads\/2016\/05\/Ziegler-Systembau-150x39.jpg 150w, https:\/\/concordia-beuren.de\/wp-content\/uploads\/2016\/05\/Ziegler-Systembau.jpg 700w\" sizes=\"auto, (max-width: 300px) 100vw, 300px\" \/><\/a>\n\t\t\t<\/dt>\n\t\t\t\t<dd class='wp-caption-text gallery-caption' id='gallery-1-1279'>\n\t\t\t\tZiegler Systembau\n\t\t\t\t<\/dd><\/dl><dl class='gallery-item'>\n\t\t\t<dt class='gallery-icon landscape'>\n\t\t\t\t<a href='https:\/\/concordia-beuren.de\/index.php\/info\/sponsoren\/autohaus-guenther\/'><img loading=\"lazy\" decoding=\"async\" width=\"300\" height=\"111\" src=\"https:\/\/concordia-beuren.de\/wp-content\/uploads\/2016\/05\/Autohaus-G\u00fcnther-300x111.jpg\" class=\"attachment-medium size-medium\" alt=\"iujdbhiudnv\" aria-describedby=\"gallery-1-1189\" srcset=\"https:\/\/concordia-beuren.de\/wp-content\/uploads\/2016\/05\/Autohaus-G\u00fcnther-300x111.jpg 300w, https:\/\/concordia-beuren.de\/wp-content\/uploads\/2016\/05\/Autohaus-G\u00fcnther-150x56.jpg 150w, https:\/\/concordia-beuren.de\/wp-content\/uploads\/2016\/05\/Autohaus-G\u00fcnther-600x220.jpg 600w, https:\/\/concordia-beuren.de\/wp-content\/uploads\/2016\/05\/Autohaus-G\u00fcnther.jpg 800w\" sizes=\"auto, (max-width: 300px) 100vw, 300px\" \/><\/a>\n\t\t\t<\/dt>\n\t\t\t\t<dd class='wp-caption-text gallery-caption' id='gallery-1-1189'>\n\t\t\t\tG\u00fcnther Automobile\n\t\t\t\t<\/dd><\/dl><br style=\"clear: both\" \/>\n\t\t<\/div>\n\n","protected":false},"excerpt":{"rendered":"<p>Ohne Sponsoren und Unterst\u00fctzern w\u00e4re eine gute Vereinsarbeit nicht m\u00f6glich. Daher m\u00f6chten wir uns an dieser Stelle bei allen Beteiligten f\u00fcr die tolle Zusammenarbeit und Unterst\u00fctzung recht herzlich bedanken!!! Sie m\u00f6chten uns auch unterst\u00fctzen, dann melden Sie sich bei unserem Vereinsvorsitzenden Matthias Peterseim unter der Adresse\u00a0concordia-beuren@t-online.de. Wir freuen uns auf Ihre Unterst\u00fctzung!<\/p>\n","protected":false},"author":1,"featured_media":0,"parent":108,"menu_order":0,"comment_status":"closed","ping_status":"closed","template":"","meta":{"footnotes":""},"class_list":["post-255","page","type-page","status-publish","hentry"],"yoast_head":"<!-- This site is optimized with the Yoast SEO plugin v27.4 - https:\/\/yoast.com\/product\/yoast-seo-wordpress\/ -->\n<title>Sponsoren - Herzlich Willkommen<\/title>\n<meta name=\"robots\" content=\"index, follow, max-snippet:-1, max-image-preview:large, max-video-preview:-1\" \/>\n<link rel=\"canonical\" href=\"https:\/\/concordia-beuren.de\/index.php\/info\/sponsoren\/\" \/>\n<meta property=\"og:locale\" content=\"de_DE\" \/>\n<meta property=\"og:type\" content=\"article\" \/>\n<meta property=\"og:title\" content=\"Sponsoren - Herzlich Willkommen\" \/>\n<meta property=\"og:description\" content=\"Ohne Sponsoren und Unterst\u00fctzern w\u00e4re eine gute Vereinsarbeit nicht m\u00f6glich. Daher m\u00f6chten wir uns an dieser Stelle bei allen Beteiligten f\u00fcr die tolle Zusammenarbeit und Unterst\u00fctzung recht herzlich bedanken!!! Sie m\u00f6chten uns auch unterst\u00fctzen, dann melden Sie sich bei unserem Vereinsvorsitzenden Matthias Peterseim unter der Adresse\u00a0concordia-beuren@t-online.de. Wir freuen uns auf Ihre Unterst\u00fctzung!\" \/>\n<meta property=\"og:url\" content=\"https:\/\/concordia-beuren.de\/index.php\/info\/sponsoren\/\" \/>\n<meta property=\"og:site_name\" content=\"Herzlich Willkommen\" \/>\n<meta property=\"article:publisher\" content=\"https:\/\/www.facebook.com\/concordia.beuren\/?ref=bookmarks\" \/>\n<meta property=\"article:modified_time\" content=\"2023-04-28T06:38:41+00:00\" \/>\n<meta property=\"og:image\" content=\"https:\/\/concordia-beuren.de\/wp-content\/uploads\/2023\/04\/logo-300x121.png\" \/>\n<meta name=\"twitter:card\" content=\"summary_large_image\" \/>\n<meta name=\"twitter:label1\" content=\"Gesch\u00e4tzte Lesezeit\" \/>\n\t<meta name=\"twitter:data1\" content=\"1\u00a0Minute\" \/>\n<script type=\"application\/ld+json\" class=\"yoast-schema-graph\">{\"@context\":\"https:\\\/\\\/schema.org\",\"@graph\":[{\"@type\":\"WebPage\",\"@id\":\"https:\\\/\\\/concordia-beuren.de\\\/index.php\\\/info\\\/sponsoren\\\/\",\"url\":\"https:\\\/\\\/concordia-beuren.de\\\/index.php\\\/info\\\/sponsoren\\\/\",\"name\":\"Sponsoren - Herzlich Willkommen\",\"isPartOf\":{\"@id\":\"https:\\\/\\\/concordia-beuren.de\\\/#website\"},\"datePublished\":\"2016-05-19T18:23:23+00:00\",\"dateModified\":\"2023-04-28T06:38:41+00:00\",\"breadcrumb\":{\"@id\":\"https:\\\/\\\/concordia-beuren.de\\\/index.php\\\/info\\\/sponsoren\\\/#breadcrumb\"},\"inLanguage\":\"de\",\"potentialAction\":[{\"@type\":\"ReadAction\",\"target\":[\"https:\\\/\\\/concordia-beuren.de\\\/index.php\\\/info\\\/sponsoren\\\/\"]}]},{\"@type\":\"BreadcrumbList\",\"@id\":\"https:\\\/\\\/concordia-beuren.de\\\/index.php\\\/info\\\/sponsoren\\\/#breadcrumb\",\"itemListElement\":[{\"@type\":\"ListItem\",\"position\":1,\"name\":\"Startseite\",\"item\":\"https:\\\/\\\/concordia-beuren.de\\\/\"},{\"@type\":\"ListItem\",\"position\":2,\"name\":\"Info\",\"item\":\"https:\\\/\\\/concordia-beuren.de\\\/index.php\\\/info\\\/\"},{\"@type\":\"ListItem\",\"position\":3,\"name\":\"Sponsoren\"}]},{\"@type\":\"WebSite\",\"@id\":\"https:\\\/\\\/concordia-beuren.de\\\/#website\",\"url\":\"https:\\\/\\\/concordia-beuren.de\\\/\",\"name\":\"Herzlich Willkommen\",\"description\":\"\",\"publisher\":{\"@id\":\"https:\\\/\\\/concordia-beuren.de\\\/#organization\"},\"potentialAction\":[{\"@type\":\"SearchAction\",\"target\":{\"@type\":\"EntryPoint\",\"urlTemplate\":\"https:\\\/\\\/concordia-beuren.de\\\/?s={search_term_string}\"},\"query-input\":{\"@type\":\"PropertyValueSpecification\",\"valueRequired\":true,\"valueName\":\"search_term_string\"}}],\"inLanguage\":\"de\"},{\"@type\":\"Organization\",\"@id\":\"https:\\\/\\\/concordia-beuren.de\\\/#organization\",\"name\":\"SV Concordia Beuren\",\"url\":\"https:\\\/\\\/concordia-beuren.de\\\/\",\"logo\":{\"@type\":\"ImageObject\",\"inLanguage\":\"de\",\"@id\":\"https:\\\/\\\/concordia-beuren.de\\\/#\\\/schema\\\/logo\\\/image\\\/\",\"url\":\"https:\\\/\\\/concordia-beuren.de\\\/wp-content\\\/uploads\\\/2016\\\/05\\\/SV-Concordia-Beuren-Transparent-Neu.png\",\"contentUrl\":\"https:\\\/\\\/concordia-beuren.de\\\/wp-content\\\/uploads\\\/2016\\\/05\\\/SV-Concordia-Beuren-Transparent-Neu.png\",\"width\":585,\"height\":585,\"caption\":\"SV Concordia Beuren\"},\"image\":{\"@id\":\"https:\\\/\\\/concordia-beuren.de\\\/#\\\/schema\\\/logo\\\/image\\\/\"},\"sameAs\":[\"https:\\\/\\\/www.facebook.com\\\/concordia.beuren\\\/?ref=bookmarks\"]}]}<\/script>\n<!-- \/ Yoast SEO plugin. -->","yoast_head_json":{"title":"Sponsoren - Herzlich Willkommen","robots":{"index":"index","follow":"follow","max-snippet":"max-snippet:-1","max-image-preview":"max-image-preview:large","max-video-preview":"max-video-preview:-1"},"canonical":"https:\/\/concordia-beuren.de\/index.php\/info\/sponsoren\/","og_locale":"de_DE","og_type":"article","og_title":"Sponsoren - Herzlich Willkommen","og_description":"Ohne Sponsoren und Unterst\u00fctzern w\u00e4re eine gute Vereinsarbeit nicht m\u00f6glich. Daher m\u00f6chten wir uns an dieser Stelle bei allen Beteiligten f\u00fcr die tolle Zusammenarbeit und Unterst\u00fctzung recht herzlich bedanken!!! Sie m\u00f6chten uns auch unterst\u00fctzen, dann melden Sie sich bei unserem Vereinsvorsitzenden Matthias Peterseim unter der Adresse\u00a0concordia-beuren@t-online.de. Wir freuen uns auf Ihre Unterst\u00fctzung!","og_url":"https:\/\/concordia-beuren.de\/index.php\/info\/sponsoren\/","og_site_name":"Herzlich Willkommen","article_publisher":"https:\/\/www.facebook.com\/concordia.beuren\/?ref=bookmarks","article_modified_time":"2023-04-28T06:38:41+00:00","og_image":[{"url":"https:\/\/concordia-beuren.de\/wp-content\/uploads\/2023\/04\/logo-300x121.png","type":"","width":"","height":""}],"twitter_card":"summary_large_image","twitter_misc":{"Gesch\u00e4tzte Lesezeit":"1\u00a0Minute"},"schema":{"@context":"https:\/\/schema.org","@graph":[{"@type":"WebPage","@id":"https:\/\/concordia-beuren.de\/index.php\/info\/sponsoren\/","url":"https:\/\/concordia-beuren.de\/index.php\/info\/sponsoren\/","name":"Sponsoren - Herzlich Willkommen","isPartOf":{"@id":"https:\/\/concordia-beuren.de\/#website"},"datePublished":"2016-05-19T18:23:23+00:00","dateModified":"2023-04-28T06:38:41+00:00","breadcrumb":{"@id":"https:\/\/concordia-beuren.de\/index.php\/info\/sponsoren\/#breadcrumb"},"inLanguage":"de","potentialAction":[{"@type":"ReadAction","target":["https:\/\/concordia-beuren.de\/index.php\/info\/sponsoren\/"]}]},{"@type":"BreadcrumbList","@id":"https:\/\/concordia-beuren.de\/index.php\/info\/sponsoren\/#breadcrumb","itemListElement":[{"@type":"ListItem","position":1,"name":"Startseite","item":"https:\/\/concordia-beuren.de\/"},{"@type":"ListItem","position":2,"name":"Info","item":"https:\/\/concordia-beuren.de\/index.php\/info\/"},{"@type":"ListItem","position":3,"name":"Sponsoren"}]},{"@type":"WebSite","@id":"https:\/\/concordia-beuren.de\/#website","url":"https:\/\/concordia-beuren.de\/","name":"Herzlich Willkommen","description":"","publisher":{"@id":"https:\/\/concordia-beuren.de\/#organization"},"potentialAction":[{"@type":"SearchAction","target":{"@type":"EntryPoint","urlTemplate":"https:\/\/concordia-beuren.de\/?s={search_term_string}"},"query-input":{"@type":"PropertyValueSpecification","valueRequired":true,"valueName":"search_term_string"}}],"inLanguage":"de"},{"@type":"Organization","@id":"https:\/\/concordia-beuren.de\/#organization","name":"SV Concordia Beuren","url":"https:\/\/concordia-beuren.de\/","logo":{"@type":"ImageObject","inLanguage":"de","@id":"https:\/\/concordia-beuren.de\/#\/schema\/logo\/image\/","url":"https:\/\/concordia-beuren.de\/wp-content\/uploads\/2016\/05\/SV-Concordia-Beuren-Transparent-Neu.png","contentUrl":"https:\/\/concordia-beuren.de\/wp-content\/uploads\/2016\/05\/SV-Concordia-Beuren-Transparent-Neu.png","width":585,"height":585,"caption":"SV Concordia Beuren"},"image":{"@id":"https:\/\/concordia-beuren.de\/#\/schema\/logo\/image\/"},"sameAs":["https:\/\/www.facebook.com\/concordia.beuren\/?ref=bookmarks"]}]}},"_links":{"self":[{"href":"https:\/\/concordia-beuren.de\/index.php\/wp-json\/wp\/v2\/pages\/255","targetHints":{"allow":["GET"]}}],"collection":[{"href":"https:\/\/concordia-beuren.de\/index.php\/wp-json\/wp\/v2\/pages"}],"about":[{"href":"https:\/\/concordia-beuren.de\/index.php\/wp-json\/wp\/v2\/types\/page"}],"author":[{"embeddable":true,"href":"https:\/\/concordia-beuren.de\/index.php\/wp-json\/wp\/v2\/users\/1"}],"replies":[{"embeddable":true,"href":"https:\/\/concordia-beuren.de\/index.php\/wp-json\/wp\/v2\/comments?post=255"}],"version-history":[{"count":31,"href":"https:\/\/concordia-beuren.de\/index.php\/wp-json\/wp\/v2\/pages\/255\/revisions"}],"predecessor-version":[{"id":3068,"href":"https:\/\/concordia-beuren.de\/index.php\/wp-json\/wp\/v2\/pages\/255\/revisions\/3068"}],"up":[{"embeddable":true,"href":"https:\/\/concordia-beuren.de\/index.php\/wp-json\/wp\/v2\/pages\/108"}],"wp:attachment":[{"href":"https:\/\/concordia-beuren.de\/index.php\/wp-json\/wp\/v2\/media?parent=255"}],"curies":[{"name":"wp","href":"https:\/\/api.w.org\/{rel}","templated":true}]}}